{"id":1798,"date":"2022-08-29T14:58:05","date_gmt":"2022-08-29T14:58:05","guid":{"rendered":"https:\/\/parklowcost.com\/faq\/"},"modified":"2022-09-06T15:40:29","modified_gmt":"2022-09-06T15:40:29","slug":"faq","status":"publish","type":"page","link":"https:\/\/parklowcost.com\/en\/faq\/","title":{"rendered":"FAQ"},"content":{"rendered":"[vc_row type=&#8221;in_container&#8221; full_screen_row_position=&#8221;middle&#8221; column_margin=&#8221;default&#8221; column_direction=&#8221;default&#8221; column_direction_tablet=&#8221;default&#8221; column_direction_phone=&#8221;default&#8221; scene_position=&#8221;center&#8221; top_margin=&#8221;10%&#8221; bottom_margin=&#8221;10%&#8221; top_margin_phone=&#8221;30%&#8221; bottom_margin_phone=&#8221;30%&#8221; text_color=&#8221;dark&#8221; text_align=&#8221;left&#8221; row_border_radius=&#8221;none&#8221; row_border_radius_applies=&#8221;bg&#8221; overflow=&#8221;visible&#8221; overlay_strength=&#8221;0.3&#8243; gradient_direction=&#8221;left_to_right&#8221; shape_divider_position=&#8221;bottom&#8221; bg_image_animation=&#8221;none&#8221; gradient_type=&#8221;default&#8221; shape_type=&#8221;&#8221;][vc_column column_padding=&#8221;no-extra-padding&#8221; column_padding_tablet=&#8221;inherit&#8221; column_padding_phone=&#8221;inherit&#8221; column_padding_position=&#8221;all&#8221; column_element_direction_desktop=&#8221;default&#8221; column_element_spacing=&#8221;default&#8221; desktop_text_alignment=&#8221;default&#8221; tablet_text_alignment=&#8221;default&#8221; phone_text_alignment=&#8221;default&#8221; background_color_opacity=&#8221;1&#8243; background_hover_color_opacity=&#8221;1&#8243; column_backdrop_filter=&#8221;none&#8221; column_shadow=&#8221;none&#8221; column_border_radius=&#8221;none&#8221; column_link_target=&#8221;_self&#8221; column_position=&#8221;default&#8221; gradient_direction=&#8221;left_to_right&#8221; overlay_strength=&#8221;0.3&#8243; width=&#8221;1\/1&#8243; tablet_width_inherit=&#8221;default&#8221; animation_type=&#8221;default&#8221; bg_image_animation=&#8221;none&#8221; border_type=&#8221;simple&#8221; column_border_width=&#8221;none&#8221; column_border_style=&#8221;solid&#8221;][vc_column_text]\n<h2 style=\"text-align: center;\">Domande frequenti e assistenza<\/h2>\n<div class=\"et_pb_row et_pb_row_0\">\n<div class=\"et_pb_column et_pb_column_4_4 et_pb_column_0 et_pb_css_mix_blend_mode_passthrough et-last-child\">\n<div class=\"et_pb_module et_pb_text et_pb_text_0 et_pb_text_align_center et_pb_bg_layout_light\">\n<div class=\"et_pb_text_inner\">\n<p style=\"text-align: center;\">parcheggio <strong>Aeroporto di Catania Vincenzo Bellini<\/strong><\/p>\n<\/div>\n<\/div>\n<\/div>\n<\/div>\n[\/vc_column_text][\/vc_column][\/vc_row][vc_row type=&#8221;in_container&#8221; full_screen_row_position=&#8221;middle&#8221; column_margin=&#8221;default&#8221; column_direction=&#8221;default&#8221; column_direction_tablet=&#8221;default&#8221; column_direction_phone=&#8221;default&#8221; scene_position=&#8221;center&#8221; top_margin=&#8221;10%&#8221; text_color=&#8221;dark&#8221; text_align=&#8221;left&#8221; row_border_radius=&#8221;none&#8221; row_border_radius_applies=&#8221;bg&#8221; overflow=&#8221;visible&#8221; overlay_strength=&#8221;0.3&#8243; gradient_direction=&#8221;left_to_right&#8221; shape_divider_position=&#8221;bottom&#8221; bg_image_animation=&#8221;none&#8221; gradient_type=&#8221;default&#8221; shape_type=&#8221;&#8221;][vc_column column_padding=&#8221;no-extra-padding&#8221; column_padding_tablet=&#8221;inherit&#8221; column_padding_phone=&#8221;inherit&#8221; column_padding_position=&#8221;all&#8221; column_element_direction_desktop=&#8221;default&#8221; column_element_spacing=&#8221;default&#8221; desktop_text_alignment=&#8221;default&#8221; tablet_text_alignment=&#8221;default&#8221; phone_text_alignment=&#8221;default&#8221; background_color_opacity=&#8221;1&#8243; background_hover_color_opacity=&#8221;1&#8243; column_backdrop_filter=&#8221;none&#8221; column_shadow=&#8221;none&#8221; column_border_radius=&#8221;none&#8221; column_link_target=&#8221;_self&#8221; column_position=&#8221;default&#8221; gradient_direction=&#8221;left_to_right&#8221; overlay_strength=&#8221;0.3&#8243; width=&#8221;1\/1&#8243; tablet_width_inherit=&#8221;default&#8221; animation_type=&#8221;default&#8221; bg_image_animation=&#8221;none&#8221; border_type=&#8221;simple&#8221; column_border_width=&#8221;none&#8221; column_border_style=&#8221;solid&#8221;][toggles style=&#8221;default&#8221; accordion=&#8221;true&#8221; accordion_starting_functionality=&#8221;closed&#8221; border_radius=&#8221;none&#8221;][toggle color=&#8221;Default&#8221; heading_tag=&#8221;h4&#8243; heading_tag_functionality=&#8221;default&#8221; title=&#8221;La prenotazione \u00e8 obbligatoria?&#8221;][vc_column_text]\n<p class=\"et_pb_toggle_title\">No ma \u00e8 consigliabile prenotare per permetterci di garantire un posto auto e un servizio ottimale, soprattutto nei periodi di alta stagione.<\/p>\n[\/vc_column_text][\/toggle][toggle color=&#8221;Default&#8221; heading_tag=&#8221;h4&#8243; heading_tag_functionality=&#8221;default&#8221; title=&#8221;La prenotazione richiede pagamento in anticipo?&#8221;][vc_column_text]Non necessariamente. Puoi scegliere di\u00a0 pagare il saldo al ritiro del veicolo.[\/vc_column_text][\/toggle][toggle color=&#8221;Default&#8221; heading_tag=&#8221;h4&#8243; heading_tag_functionality=&#8221;default&#8221; title=&#8221;Cosa faccio dopo aver effettuato la prenotazione?&#8221;][vc_column_text]Un\u2019email di conferma verr\u00e0 inviata all\u2019indirizzo trascritto in fase di prenotazione, contenente tutti i dati relativi alla vostra prenotazione e le istruzioni di cortesia per raggiungere il parcheggio. La ricevuta \u00e8 da stampare o mostrare su smartphone al momento dell\u2019arrivo.[\/vc_column_text][\/toggle][toggle color=&#8221;Default&#8221; heading_tag=&#8221;h4&#8243; heading_tag_functionality=&#8221;default&#8221; title=&#8221;Posso recarmi al parcheggio con auto o targa differente da quella indicata su prenotazione?&#8221;][vc_column_text]E\u2019 sufficiente comunicare tale cambiamento via email o direttamente allo staff del parcheggio il giorno d\u2019ingresso.[\/vc_column_text][\/toggle][toggle color=&#8221;Default&#8221; heading_tag=&#8221;h4&#8243; heading_tag_functionality=&#8221;default&#8221; title=&#8221;Posso prenotare solo ed esclusivamente online?&#8221;][vc_column_text]Si assolutamente \u00e8 necessario la prenotazione online per garantire un posto auto al vostro arrivo. Non accettiamo prenotazioni telefoniche n\u00e9 al parcheggio.[\/vc_column_text][\/toggle][toggle color=&#8221;Default&#8221; heading_tag=&#8221;h4&#8243; heading_tag_functionality=&#8221;default&#8221; title=&#8221;Cosa posso fare in caso di smarrimento dell\u2019email di conferma prenotazione?&#8221;][vc_column_text]Basta contattare il parcheggio all\u2019indirizzo email indicato e richiedere l\u2019invio di una nuova mail di conferma prenotazione.<\/p>\n<p>In alternativa \u00e8 possibile dall\u2019area riservata inserire le credenziali di accesso e stampare\/visualizzare le proprie prenotazioni.[\/vc_column_text][\/toggle][toggle color=&#8221;Default&#8221; heading_tag=&#8221;h4&#8243; heading_tag_functionality=&#8221;default&#8221; title=&#8221;Come faccio a richiedere la fattura del parcheggio?&#8221;][vc_column_text]Durante il processo di prenotazione ti verranno richiesti i dati di fatturazione cos\u00ec da poterla inviare secondo la nuova normativa in formato elettronico. La fattura del saldo viene richiesta direttamente al parcheggio al momento del pagamento.[\/vc_column_text][\/toggle][toggle color=&#8221;Default&#8221; heading_tag=&#8221;h4&#8243; heading_tag_functionality=&#8221;default&#8221; title=&#8221;Come posso raggiungere l\u2019Aeroporto dopo aver lasciato l\u2019auto al parcheggio?&#8221;][vc_column_text]Grazie al nostro servizio navetta incluso nel prezzo \u00e8 possibile raggiungere comodamente \u00a0e velocemente l\u2019Aeroporto di Catania.[\/vc_column_text][\/toggle][toggle color=&#8221;Default&#8221; heading_tag=&#8221;h4&#8243; heading_tag_functionality=&#8221;default&#8221; title=&#8221;Come faccio a richiedere la navetta al mio rientro?&#8221;][vc_column_text]Chiama il nostro parcheggio dopo aver ritirato i bagagli e dirigiti al punto d\u2019incontro prestabilito. Il servizio navetta \u00e8 gratuito e sempre attivo.[\/vc_column_text][\/toggle][toggle color=&#8221;Default&#8221; heading_tag=&#8221;h4&#8243; heading_tag_functionality=&#8221;default&#8221; title=&#8221;Il parcheggio \u00e8 custodito?&#8221;][vc_column_text]Si, il parcheggio \u00e8 dotato di un sistema di videosorveglianza a circuito chiuso ed un nostro addetto \u00e8 sempre presente per controllare l\u2019uscita e l\u2019entrata delle auto.[\/vc_column_text][\/toggle][toggle color=&#8221;Default&#8221; heading_tag=&#8221;h4&#8243; heading_tag_functionality=&#8221;default&#8221; title=&#8221;Devo lasciare le chiavi dell\u2019auto al parcheggio?&#8221;][vc_column_text]No, prenotando online puoi tranquillamente parcheggiare la tua auto e portare le chiavi con te.[\/vc_column_text][\/toggle][toggle color=&#8221;Default&#8221; heading_tag=&#8221;h4&#8243; heading_tag_functionality=&#8221;default&#8221; title=&#8221;Il parcheggio \u00e8 dotato di assicurazione?&#8221;][vc_column_text]Si, il tuo veicolo \u00e8 protetto durante la sosta da un\u2019assicurazione furto e incendio.[\/vc_column_text][\/toggle][toggle color=&#8221;Default&#8221; heading_tag=&#8221;h4&#8243; heading_tag_functionality=&#8221;default&#8221; title=&#8221;Posso cancellare o modificare la mia prenotazione gratuitamente?&#8221;][vc_column_text]Si puoi farlo inviando una email a\u00a0info@parklowcost.com\u00a0indicando la data della prenotazione, numero della prenotazione e le modifiche da apportare. Fino a 72 ore prima della data ingresso al parcheggio puoi farlo in modo completamente gratuito.[\/vc_column_text][\/toggle][\/toggles][\/vc_column][\/vc_row][vc_row type=&#8221;in_container&#8221; full_screen_row_position=&#8221;middle&#8221; column_margin=&#8221;default&#8221; column_direction=&#8221;default&#8221; column_direction_tablet=&#8221;default&#8221; column_direction_phone=&#8221;default&#8221; scene_position=&#8221;center&#8221; top_margin=&#8221;5%&#8221; text_color=&#8221;dark&#8221; text_align=&#8221;left&#8221; row_border_radius=&#8221;none&#8221; row_border_radius_applies=&#8221;bg&#8221; overflow=&#8221;visible&#8221; overlay_strength=&#8221;0.3&#8243; gradient_direction=&#8221;left_to_right&#8221; shape_divider_position=&#8221;bottom&#8221; bg_image_animation=&#8221;none&#8221; gradient_type=&#8221;default&#8221; shape_type=&#8221;&#8221;][vc_column column_padding=&#8221;no-extra-padding&#8221; column_padding_tablet=&#8221;inherit&#8221; column_padding_phone=&#8221;inherit&#8221; column_padding_position=&#8221;all&#8221; column_element_direction_desktop=&#8221;default&#8221; column_element_spacing=&#8221;default&#8221; desktop_text_alignment=&#8221;default&#8221; tablet_text_alignment=&#8221;default&#8221; phone_text_alignment=&#8221;default&#8221; background_color_opacity=&#8221;1&#8243; background_hover_color_opacity=&#8221;1&#8243; column_backdrop_filter=&#8221;none&#8221; column_shadow=&#8221;none&#8221; column_border_radius=&#8221;none&#8221; column_link_target=&#8221;_self&#8221; column_position=&#8221;default&#8221; gradient_direction=&#8221;left_to_right&#8221; overlay_strength=&#8221;0.3&#8243; width=&#8221;1\/1&#8243; tablet_width_inherit=&#8221;default&#8221; animation_type=&#8221;default&#8221; bg_image_animation=&#8221;none&#8221; border_type=&#8221;simple&#8221; column_border_width=&#8221;none&#8221; column_border_style=&#8221;solid&#8221;][vc_column_text]<b style=\"font-size: 13px; color: gray;\">Park Lowcost nasce presso l\u2019 Aeroporto di Catania Vincenzo Bellini con l\u2019obiettivo di offrire alla clientela il top del servizio di parking car. Se sei interassato ai servizi di Park Lowcost presso Aeroporto di Catania Vincenzo Bellini e hai ulteriori domande, contatta la nostra assistenza clienti. Raggiungere l\u2019 Aeroporto di Catania Vincenzo Bellini non sar\u00e0 mai stato cos\u00ec facile.<\/b>[\/vc_column_text][\/vc_column][\/vc_row][vc_row type=&#8221;full_width_background&#8221; full_screen_row_position=&#8221;middle&#8221; column_margin=&#8221;default&#8221; column_direction=&#8221;default&#8221; column_direction_tablet=&#8221;default&#8221; column_direction_phone=&#8221;default&#8221; bg_color=&#8221;#0053a3&#8243; scene_position=&#8221;center&#8221; top_padding=&#8221;0&#8243; bottom_padding=&#8221;0&#8243; top_margin=&#8221;10%&#8221; bottom_margin_phone=&#8221;30%&#8221; text_color=&#8221;dark&#8221; text_align=&#8221;left&#8221; row_border_radius=&#8221;none&#8221; row_border_radius_applies=&#8221;bg&#8221; overflow=&#8221;visible&#8221; class=&#8221;link-prenota&#8221; overlay_strength=&#8221;0.3&#8243; gradient_direction=&#8221;left_to_right&#8221; shape_divider_position=&#8221;bottom&#8221; bg_image_animation=&#8221;none&#8221; gradient_type=&#8221;default&#8221; shape_type=&#8221;&#8221;][vc_column column_padding=&#8221;no-extra-padding&#8221; column_padding_tablet=&#8221;inherit&#8221; column_padding_phone=&#8221;inherit&#8221; column_padding_position=&#8221;all&#8221; column_element_direction_desktop=&#8221;default&#8221; column_element_spacing=&#8221;default&#8221; desktop_text_alignment=&#8221;default&#8221; tablet_text_alignment=&#8221;default&#8221; phone_text_alignment=&#8221;default&#8221; background_color_opacity=&#8221;1&#8243; background_hover_color_opacity=&#8221;1&#8243; column_backdrop_filter=&#8221;none&#8221; column_shadow=&#8221;none&#8221; column_border_radius=&#8221;none&#8221; column_link_target=&#8221;_self&#8221; column_position=&#8221;default&#8221; gradient_direction=&#8221;left_to_right&#8221; overlay_strength=&#8221;0.3&#8243; width=&#8221;1\/1&#8243; tablet_width_inherit=&#8221;default&#8221; animation_type=&#8221;default&#8221; bg_image_animation=&#8221;none&#8221; border_type=&#8221;simple&#8221; column_border_width=&#8221;none&#8221; column_border_style=&#8221;solid&#8221; column_padding_type=&#8221;default&#8221; gradient_type=&#8221;default&#8221;][vc_row_inner equal_height=&#8221;yes&#8221; content_placement=&#8221;middle&#8221; column_margin=&#8221;default&#8221; column_direction=&#8221;default&#8221; column_direction_tablet=&#8221;default&#8221; column_direction_phone=&#8221;default&#8221; text_align=&#8221;left&#8221; row_position=&#8221;default&#8221; row_position_tablet=&#8221;inherit&#8221; row_position_phone=&#8221;inherit&#8221; overflow=&#8221;visible&#8221; pointer_events=&#8221;all&#8221;][vc_column_inner column_padding=&#8221;no-extra-padding&#8221; column_padding_tablet=&#8221;inherit&#8221; column_padding_phone=&#8221;inherit&#8221; column_padding_position=&#8221;all&#8221; column_element_direction_desktop=&#8221;default&#8221; column_element_spacing=&#8221;default&#8221; desktop_text_alignment=&#8221;center&#8221; tablet_text_alignment=&#8221;default&#8221; phone_text_alignment=&#8221;default&#8221; background_color_opacity=&#8221;1&#8243; background_hover_color_opacity=&#8221;1&#8243; column_backdrop_filter=&#8221;none&#8221; column_shadow=&#8221;none&#8221; column_border_radius=&#8221;none&#8221; column_link_target=&#8221;_self&#8221; overflow=&#8221;visible&#8221; gradient_direction=&#8221;left_to_right&#8221; overlay_strength=&#8221;0.3&#8243; width=&#8221;2\/3&#8243; tablet_width_inherit=&#8221;default&#8221; animation_type=&#8221;default&#8221; bg_image_animation=&#8221;none&#8221; border_type=&#8221;simple&#8221; column_border_width=&#8221;none&#8221; column_border_style=&#8221;solid&#8221; column_padding_type=&#8221;default&#8221; gradient_type=&#8221;default&#8221;][vc_column_text css=&#8221;.vc_custom_1662111694654{margin-top: 5% !important;margin-bottom: 5% !important;}&#8221;]\n<h2 class=\"text-white\" style=\"text-align: left;\">Prenota ora il tuo parcheggio aeroporto Catania!<\/h2>\n<p style=\"text-align: left; color: #fff;\">Scegli la tipologia di parcheggio e calcola il preventivo per la tua sosta!!!<\/p>\n[\/vc_column_text][\/vc_column_inner][vc_column_inner column_padding=&#8221;no-extra-padding&#8221; column_padding_tablet=&#8221;inherit&#8221; column_padding_phone=&#8221;inherit&#8221; column_padding_position=&#8221;all&#8221; column_element_direction_desktop=&#8221;default&#8221; column_element_spacing=&#8221;default&#8221; desktop_text_alignment=&#8221;center&#8221; tablet_text_alignment=&#8221;default&#8221; phone_text_alignment=&#8221;default&#8221; background_color_opacity=&#8221;1&#8243; background_hover_color_opacity=&#8221;1&#8243; column_backdrop_filter=&#8221;none&#8221; column_shadow=&#8221;none&#8221; column_border_radius=&#8221;none&#8221; column_link_target=&#8221;_self&#8221; overflow=&#8221;visible&#8221; gradient_direction=&#8221;left_to_right&#8221; overlay_strength=&#8221;0.3&#8243; width=&#8221;1\/3&#8243; tablet_width_inherit=&#8221;default&#8221; animation_type=&#8221;default&#8221; bg_image_animation=&#8221;none&#8221; border_type=&#8221;simple&#8221; column_border_width=&#8221;none&#8221; column_border_style=&#8221;solid&#8221; column_padding_type=&#8221;default&#8221; gradient_type=&#8221;default&#8221;][nectar_btn size=&#8221;jumbo&#8221; button_style=&#8221;regular&#8221; button_color_2=&#8221;Accent-Color&#8221; color_override=&#8221;#e30014&#8243; icon_family=&#8221;none&#8221; text=&#8221;PRENOTA ORA&#8221; url=&#8221;https:\/\/parklowcost.com\/#prenota&#8221;][\/vc_column_inner][\/vc_row_inner][\/vc_column][\/vc_row]\n","protected":false},"excerpt":{"rendered":"<p>[vc_row type=&#8221;in_container&#8221; full_screen_row_position=&#8221;middle&#8221; column_margin=&#8221;default&#8221; column_direction=&#8221;default&#8221; column_direction_tablet=&#8221;default&#8221; column_direction_phone=&#8221;default&#8221; scene_position=&#8221;center&#8221; top_margin=&#8221;10%&#8221; bottom_margin=&#8221;10%&#8221; top_margin_phone=&#8221;30%&#8221; bottom_margin_phone=&#8221;30%&#8221; text_color=&#8221;dark&#8221; text_align=&#8221;left&#8221; row_border_radius=&#8221;none&#8221; row_border_radius_applies=&#8221;bg&#8221; overflow=&#8221;visible&#8221; overlay_strength=&#8221;0.3&#8243; gradient_direction=&#8221;left_to_right&#8221; shape_divider_position=&#8221;bottom&#8221; bg_image_animation=&#8221;none&#8221; gradient_type=&#8221;default&#8221; shape_type=&#8221;&#8221;][vc_column column_padding=&#8221;no-extra-padding&#8221; column_padding_tablet=&#8221;inherit&#8221; column_padding_phone=&#8221;inherit&#8221; column_padding_position=&#8221;all&#8221; column_element_direction_desktop=&#8221;default&#8221; column_element_spacing=&#8221;default&#8221; desktop_text_alignment=&#8221;default&#8221;&#8230;<\/p>\n","protected":false},"author":1,"featured_media":0,"parent":0,"menu_order":0,"comment_status":"closed","ping_status":"closed","template":"","meta":{"footnotes":""},"class_list":["post-1798","page","type-page","status-publish"],"yoast_head":"<!-- This site is optimized with the Yoast SEO Premium plugin v19.0.1 (Yoast SEO v27.6) - https:\/\/yoast.com\/product\/yoast-seo-premium-wordpress\/ -->\n<title>Frequently asked questions about booking - Park Low Cost<\/title>\n<meta name=\"description\" content=\"Park Lowcost was born at the Catania Vincenzo Bellini Airport to offer customers the top of the car parking service.\" \/>\n<meta name=\"robots\" content=\"index, follow, max-snippet:-1, max-image-preview:large, max-video-preview:-1\" \/>\n<link rel=\"canonical\" href=\"https:\/\/parklowcost.com\/en\/faq\/\" \/>\n<meta property=\"og:locale\" content=\"en_US\" \/>\n<meta property=\"og:type\" content=\"article\" \/>\n<meta property=\"og:title\" content=\"FAQ\" \/>\n<meta property=\"og:description\" content=\"Park Lowcost was born at the Catania Vincenzo Bellini Airport to offer customers the top of the car parking service.\" \/>\n<meta property=\"og:url\" content=\"https:\/\/parklowcost.com\/en\/faq\/\" \/>\n<meta property=\"og:site_name\" content=\"ParkLowCost\" \/>\n<meta property=\"article:publisher\" content=\"https:\/\/www.facebook.com\/parklowcost\/\" \/>\n<meta property=\"article:modified_time\" content=\"2022-09-06T15:40:29+00:00\" \/>\n<meta name=\"twitter:card\" content=\"summary_large_image\" \/>\n<meta name=\"twitter:label1\" content=\"Est. reading time\" \/>\n\t<meta name=\"twitter:data1\" content=\"5 minutes\" \/>\n<script type=\"application\/ld+json\" class=\"yoast-schema-graph\">{\"@context\":\"https:\\\/\\\/schema.org\",\"@graph\":[{\"@type\":\"WebPage\",\"@id\":\"https:\\\/\\\/parklowcost.com\\\/en\\\/faq\\\/\",\"url\":\"https:\\\/\\\/parklowcost.com\\\/en\\\/faq\\\/\",\"name\":\"Frequently asked questions about booking - Park Low Cost\",\"isPartOf\":{\"@id\":\"https:\\\/\\\/parklowcost.com\\\/#website\"},\"datePublished\":\"2022-08-29T14:58:05+00:00\",\"dateModified\":\"2022-09-06T15:40:29+00:00\",\"description\":\"Park Lowcost was born at the Catania Vincenzo Bellini Airport to offer customers the top of the car parking service.\",\"breadcrumb\":{\"@id\":\"https:\\\/\\\/parklowcost.com\\\/en\\\/faq\\\/#breadcrumb\"},\"inLanguage\":\"en-US\",\"potentialAction\":[{\"@type\":\"ReadAction\",\"target\":[\"https:\\\/\\\/parklowcost.com\\\/en\\\/faq\\\/\"]}]},{\"@type\":\"BreadcrumbList\",\"@id\":\"https:\\\/\\\/parklowcost.com\\\/en\\\/faq\\\/#breadcrumb\",\"itemListElement\":[{\"@type\":\"ListItem\",\"position\":1,\"name\":\"Home\",\"item\":\"https:\\\/\\\/parklowcost.com\\\/en\\\/\"},{\"@type\":\"ListItem\",\"position\":2,\"name\":\"FAQ\"}]},{\"@type\":\"WebSite\",\"@id\":\"https:\\\/\\\/parklowcost.com\\\/#website\",\"url\":\"https:\\\/\\\/parklowcost.com\\\/\",\"name\":\"ParkLowCost\",\"description\":\"Parcheggio Aeroporto Catania\",\"publisher\":{\"@id\":\"https:\\\/\\\/parklowcost.com\\\/#organization\"},\"potentialAction\":[{\"@type\":\"SearchAction\",\"target\":{\"@type\":\"EntryPoint\",\"urlTemplate\":\"https:\\\/\\\/parklowcost.com\\\/?s={search_term_string}\"},\"query-input\":{\"@type\":\"PropertyValueSpecification\",\"valueRequired\":true,\"valueName\":\"search_term_string\"}}],\"inLanguage\":\"en-US\"},{\"@type\":\"Organization\",\"@id\":\"https:\\\/\\\/parklowcost.com\\\/#organization\",\"name\":\"ParkLowCost\",\"url\":\"https:\\\/\\\/parklowcost.com\\\/\",\"logo\":{\"@type\":\"ImageObject\",\"inLanguage\":\"en-US\",\"@id\":\"https:\\\/\\\/parklowcost.com\\\/#\\\/schema\\\/logo\\\/image\\\/\",\"url\":\"https:\\\/\\\/parklowcost.com\\\/wp-content\\\/uploads\\\/2022\\\/08\\\/logo-park-low-cost.png\",\"contentUrl\":\"https:\\\/\\\/parklowcost.com\\\/wp-content\\\/uploads\\\/2022\\\/08\\\/logo-park-low-cost.png\",\"width\":294,\"height\":90,\"caption\":\"ParkLowCost\"},\"image\":{\"@id\":\"https:\\\/\\\/parklowcost.com\\\/#\\\/schema\\\/logo\\\/image\\\/\"},\"sameAs\":[\"https:\\\/\\\/www.facebook.com\\\/parklowcost\\\/\",\"https:\\\/\\\/www.instagram.com\\\/parklowcost_catania\\\/\"]}]}<\/script>\n<!-- \/ Yoast SEO Premium plugin. -->","yoast_head_json":{"title":"Frequently asked questions about booking - Park Low Cost","description":"Park Lowcost was born at the Catania Vincenzo Bellini Airport to offer customers the top of the car parking service.","robots":{"index":"index","follow":"follow","max-snippet":"max-snippet:-1","max-image-preview":"max-image-preview:large","max-video-preview":"max-video-preview:-1"},"canonical":"https:\/\/parklowcost.com\/en\/faq\/","og_locale":"en_US","og_type":"article","og_title":"FAQ","og_description":"Park Lowcost was born at the Catania Vincenzo Bellini Airport to offer customers the top of the car parking service.","og_url":"https:\/\/parklowcost.com\/en\/faq\/","og_site_name":"ParkLowCost","article_publisher":"https:\/\/www.facebook.com\/parklowcost\/","article_modified_time":"2022-09-06T15:40:29+00:00","twitter_card":"summary_large_image","twitter_misc":{"Est. reading time":"5 minutes"},"schema":{"@context":"https:\/\/schema.org","@graph":[{"@type":"WebPage","@id":"https:\/\/parklowcost.com\/en\/faq\/","url":"https:\/\/parklowcost.com\/en\/faq\/","name":"Frequently asked questions about booking - Park Low Cost","isPartOf":{"@id":"https:\/\/parklowcost.com\/#website"},"datePublished":"2022-08-29T14:58:05+00:00","dateModified":"2022-09-06T15:40:29+00:00","description":"Park Lowcost was born at the Catania Vincenzo Bellini Airport to offer customers the top of the car parking service.","breadcrumb":{"@id":"https:\/\/parklowcost.com\/en\/faq\/#breadcrumb"},"inLanguage":"en-US","potentialAction":[{"@type":"ReadAction","target":["https:\/\/parklowcost.com\/en\/faq\/"]}]},{"@type":"BreadcrumbList","@id":"https:\/\/parklowcost.com\/en\/faq\/#breadcrumb","itemListElement":[{"@type":"ListItem","position":1,"name":"Home","item":"https:\/\/parklowcost.com\/en\/"},{"@type":"ListItem","position":2,"name":"FAQ"}]},{"@type":"WebSite","@id":"https:\/\/parklowcost.com\/#website","url":"https:\/\/parklowcost.com\/","name":"ParkLowCost","description":"Parcheggio Aeroporto Catania","publisher":{"@id":"https:\/\/parklowcost.com\/#organization"},"potentialAction":[{"@type":"SearchAction","target":{"@type":"EntryPoint","urlTemplate":"https:\/\/parklowcost.com\/?s={search_term_string}"},"query-input":{"@type":"PropertyValueSpecification","valueRequired":true,"valueName":"search_term_string"}}],"inLanguage":"en-US"},{"@type":"Organization","@id":"https:\/\/parklowcost.com\/#organization","name":"ParkLowCost","url":"https:\/\/parklowcost.com\/","logo":{"@type":"ImageObject","inLanguage":"en-US","@id":"https:\/\/parklowcost.com\/#\/schema\/logo\/image\/","url":"https:\/\/parklowcost.com\/wp-content\/uploads\/2022\/08\/logo-park-low-cost.png","contentUrl":"https:\/\/parklowcost.com\/wp-content\/uploads\/2022\/08\/logo-park-low-cost.png","width":294,"height":90,"caption":"ParkLowCost"},"image":{"@id":"https:\/\/parklowcost.com\/#\/schema\/logo\/image\/"},"sameAs":["https:\/\/www.facebook.com\/parklowcost\/","https:\/\/www.instagram.com\/parklowcost_catania\/"]}]}},"_links":{"self":[{"href":"https:\/\/parklowcost.com\/en\/wp-json\/wp\/v2\/pages\/1798","targetHints":{"allow":["GET"]}}],"collection":[{"href":"https:\/\/parklowcost.com\/en\/wp-json\/wp\/v2\/pages"}],"about":[{"href":"https:\/\/parklowcost.com\/en\/wp-json\/wp\/v2\/types\/page"}],"author":[{"embeddable":true,"href":"https:\/\/parklowcost.com\/en\/wp-json\/wp\/v2\/users\/1"}],"replies":[{"embeddable":true,"href":"https:\/\/parklowcost.com\/en\/wp-json\/wp\/v2\/comments?post=1798"}],"version-history":[{"count":2,"href":"https:\/\/parklowcost.com\/en\/wp-json\/wp\/v2\/pages\/1798\/revisions"}],"predecessor-version":[{"id":1838,"href":"https:\/\/parklowcost.com\/en\/wp-json\/wp\/v2\/pages\/1798\/revisions\/1838"}],"wp:attachment":[{"href":"https:\/\/parklowcost.com\/en\/wp-json\/wp\/v2\/media?parent=1798"}],"curies":[{"name":"wp","href":"https:\/\/api.w.org\/{rel}","templated":true}]}}